{"id":235,"date":"2020-10-29T16:05:21","date_gmt":"2020-10-29T16:05:21","guid":{"rendered":"https:\/\/ludwiglondon.de\/?page_id=235"},"modified":"2023-08-09T06:09:03","modified_gmt":"2023-08-09T06:09:03","slug":"this-is-ludwig-london","status":"publish","type":"page","link":"https:\/\/ludwiglondon.de\/index.php\/this-is-ludwig-london\/","title":{"rendered":"This is Ludwig london"},"content":{"rendered":"\n<p>Fix und Fertig (https:\/\/www.fixundfertig.xyz) Minimal Punk Band aus N\u00fcrnberg Gegr\u00fcndet 1977 in Wettelsheim und ist aktiv bis heute<br>Fix und Fertig Minimal Punk Band aus N\u00fcrnberg Gegr\u00fcndet 1977 in Wettelsheim aktiv bis heute<br>Fix &amp; Fertig<br>Allgemeine Informationen Still on the road<br>Gr\u00fcndung 1977<br>Aufl\u00f6sung 2077<br>Gr\u00fcndungsmitglieder Thomas Loeffler<br>Gesang Ludwig Thoma Jun<br>Gesang Gaby Richter<br>Hit 1984 Cube carrelage blanc in der Tekno scene<br>Aktuelle Mitglieder<br>Bad C Bass Vocals<br>Timon Bass Vocals Maultrommel<br>Ludwig Thoma Jun (https:\/\/www.ludwigthomajun.de) Electro Programming<br>Gruendungs Mitglieder<br>Thomas L\u00f6ffler ( Zattl Gitarre mit der Eisenstange traktiert)<br>Gabi Richter (Gaby Gier SAxophon Stimmer Korg Casio Synsonic Drums)<br>Geschichte:<br>1976 kauften sich Gaby ein Saxophon.damit fing alles an. Es wurde ein Hokzstock und ein Besenstiel zusammen montiert fix und fertig war der microstaender.<br>dann wurde bei Conrad Boxen vom VEB KOMINAT Klingenberg gekauft und ein Hallgeraet.<br>luuggi kaufte sich von einem Kumpel den Korb Delta f\u00fcr wahnsinnige 3000 DM.Abstottern war angesagt.<\/p>\n\n\n\n<p>dann kauften wir uns den ersten rum Computer DR Rythm und eine Casio und Synsonucdruns von Matel.<br>Dann wurden alte Radios aufgestellt dienten als Verst\u00e4rker da wurde alles angeschlossen. Es wurden auch Pickup f\u00fcr Gitarre missbraucht als K\u00fcchen Blech Verst\u00e4rker.<br>den ersten Auftritt Gab es in dornstadt Wildwechsel.es wurden alte Fernseher aufgestellt vor der B\u00fchne Ameisen rennen .<br>dann ging alles sehr schnell Festival Rueser Kommt\u2019s mit der ger\u00fchmten ich zeig euch heinen hintern Performance<br>dann Auftritt Christians Wanderbrettl mutvQuack Quack Erlangen Transfer und nat\u00fcrlich im Subline bei Miachel Demmler.<br>geiie Zeit<br>verwendete Instrumente:<br>Alt Saxophon Korg Delta Casio K\u00fcchenblech Fedelhallgeraet Metallophon<br>Dr Rhythm Synsonic Drums<br>Alben<br>1980 : Fix &amp; Fertig wie der Lichte Tag Singles und EPs<br>1980: Cube carrelage Blanc 1981: Quack Quack<br>1982: Raumschiff enter Prise 1983: Tape mo ma mu<br>Studioalben<br>1977 MO MA MU MC Gaby Gier Zattel Ludwig 1978 Neuzeit MC<br>1979 Wie der lichte Tag<br>1980 Klangt\u00fcte MC<br>1981 Moderne Marsch Musik MC<br>1984 Wie der Lichte Tag II<br>1984 Elephants never sleeps EP Jungle<br>1985 The Soft Toys Animals LP TSTA<br>1994 Ludwig Thoma goes Pop Friends &amp; Relatives CD<\/p>\n\n\n\n<p>1995 Bandwettbewerb Ansbacher neue Tonk\u00fcnstler Ansbach House of Pancakes 1995 House of Pancakes maximum pancake CD<br>1997 Island CD<br>1998 Lala in dade CD<br>2000 FF goes Italy CD 2000 Anscravallo 1. CD 2001 Bassd scho CD 2006 Therapy CD<br>2007 Edda Zyklus 1 2008 Edda Zyklus 2 2009 Edda Zyklus 3 2010 Vol 1 CD<br>2011 Vol 2 CD<br>2012 Vol 3 CD<br>2013 M\u00e4dchen CD<br>2014 Hey 2 the World CD 2015 LL CD<br>2016 LL Vol 2CD<br>2017 LL Vol 3 CD<br>2017 Fix und Fertig Neuauflage Wie der Lichte Tag LP 2018 LL VOL 4CD<br>2019 AWC Start Unplugged<br>2019 Live in Immeldorf CD<br>2020 KM LP<br>2020 FB One LP<br>2021 Ganja Ganja LP<br>2022 Fix und Fertig Trilogy LP<br>2023 Single Release 1+1 = 2<br>Livealben<br>Kompilationen<br>2000: Ansc(r)avallo<br>2002: Lieder, Songs &amp; Chansons 2003 2009: Ansc(r)avallo 2<br>Videos<br>Side Projects<br>The Dawn of the Dark Dadaismus-ic<br>Suzi Que and the Bartenders Fishbrook Band<\/p>\n\n\n\n<p>fishbrook<br>Chaisson Nobles<br>Diezone<br>toi et moi<br>Lou Metal<br>Ludwig Thoma Jun. &amp; Friends<br>Minefate<br>Ludwig Thoma Jun Meets LTj<br>Barfu\u00df &amp; Lackschuh<br>TSTA<br>Luggi Hitman<br>Das Heimdall Projekt<br>The Soft Boys<br>Various Artists<br>Fix und Fertig feat Ludwig.London<br>Ludwig London Meets Fix und Fertig<br>House of Pancakes<br>LTj Ludwig Thoma jun<br>Ludwig London Band<br>Ludwig London &amp; DJ Vision<br>Turn The Beat On<br>Schandkranz<br>Ludwig London feat. Fix und Fertig Ludwig.London &amp; The Velvets<br>| M | o | M | Master | of | Mars |<br>The Synsonics<br>Anne Clark feat. Fix und Fertig &amp; Ludwig London Fix und Fertig Anne Clark &amp; Ludwig.London Ludwig.London feat. Andreas Juergensen<br>Fix und Fertig 1<br>KPUTT<br>Ludwig.London and the Hitmans<br>The Soft Toys Animals<br>Elephant Never Sleeps<br>Xeneration<br>Ich und Du<br>Gaby Gier feat. Ludwig London<br>Anscravallo Vol 3 World First<br>Ludwig London Meets Rossalina<br>Narziss and Goldmund<br>Anne Clark &amp; Ludwig London<br>Heimdall<br>Hop<br>Ludwig Thoma Jun<\/p>\n\n\n\n<p>Fix und Fertig X-eneration Ludwig London<\/p>\n\n\n\n<p><\/p>\n\n\n<p><iframe title=\"Spotify Embed: This Is Ludwig.London\" style=\"border-radius: 12px\" width=\"100%\" height=\"352\" frameborder=\"0\" allowfullscreen allow=\"autoplay; clipboard-write; encrypted-media; fullscreen; picture-in-picture\" loading=\"lazy\" src=\"https:\/\/open.spotify.com\/embed\/playlist\/37i9dQZF1DZ06evO3kuz7T?si=aLoh5e9iT2im29i_czaizg&#038;utm_source=oembed\"><\/iframe><\/p>","protected":false},"excerpt":{"rendered":"<p>Fix und Fertig (https:\/\/www.fixundfertig.xyz) Minimal Punk Band aus N\u00fcrnberg Gegr\u00fcndet 1977 in Wettelsheim und ist aktiv bis heuteFix und Fertig Minimal Punk Band aus N\u00fcrnberg Gegr\u00fcndet 1977 in Wettelsheim aktiv bis heuteFix &amp; FertigAllgemeine Informationen Still on the roadGr\u00fcndung 1977Aufl\u00f6sung 2077Gr\u00fcndungsmitglieder Thomas LoefflerGesang Ludwig Thoma JunGesang Gaby RichterHit 1984 Cube carrelage blanc in der Tekno<\/p>\n<div class=\"more-link\">\n\t\t\t\t <a href=\"https:\/\/ludwiglondon.de\/index.php\/this-is-ludwig-london\/\" class=\"btn theme-btn\"><span>Weiterlesen <\/span><i class=\"icofont-thin-double-right\"><\/i><\/a>\n\t\t\t<\/div>\n","protected":false},"author":1,"featured_media":0,"parent":0,"menu_order":0,"comment_status":"closed","ping_status":"closed","template":"","meta":{"footnotes":""},"class_list":["post-235","page","type-page","status-publish","hentry"],"_links":{"self":[{"href":"https:\/\/ludwiglondon.de\/index.php\/wp-json\/wp\/v2\/pages\/235","targetHints":{"allow":["GET"]}}],"collection":[{"href":"https:\/\/ludwiglondon.de\/index.php\/wp-json\/wp\/v2\/pages"}],"about":[{"href":"https:\/\/ludwiglondon.de\/index.php\/wp-json\/wp\/v2\/types\/page"}],"author":[{"embeddable":true,"href":"https:\/\/ludwiglondon.de\/index.php\/wp-json\/wp\/v2\/users\/1"}],"replies":[{"embeddable":true,"href":"https:\/\/ludwiglondon.de\/index.php\/wp-json\/wp\/v2\/comments?post=235"}],"version-history":[{"count":2,"href":"https:\/\/ludwiglondon.de\/index.php\/wp-json\/wp\/v2\/pages\/235\/revisions"}],"predecessor-version":[{"id":1066,"href":"https:\/\/ludwiglondon.de\/index.php\/wp-json\/wp\/v2\/pages\/235\/revisions\/1066"}],"wp:attachment":[{"href":"https:\/\/ludwiglondon.de\/index.php\/wp-json\/wp\/v2\/media?parent=235"}],"curies":[{"name":"wp","href":"https:\/\/api.w.org\/{rel}","templated":true}]}}